{"id":137,"date":"2025-02-24T17:30:16","date_gmt":"2025-02-24T22:30:16","guid":{"rendered":"https:\/\/pisonayaparthotel.com\/?page_id=137"},"modified":"2025-03-20T10:47:22","modified_gmt":"2025-03-20T15:47:22","slug":"about-us","status":"publish","type":"page","link":"https:\/\/pisonayaparthotel.com\/es\/about-us\/","title":{"rendered":"Nosotros"},"content":{"rendered":"<p>El Pisonay Hotel ofrece alojamiento de 3 estrellas en Pisac, a 32 km de la estaci\u00f3n de tren de Wanchaq y a 23 km de Pukapukara. Este hotel de 3 estrellas ofrece servicio de conserjer\u00eda, mostrador de informaci\u00f3n tur\u00edstica y WiFi gratuita. Algunos alojamientos tienen terraza con vistas a la ciudad.<\/p>\n<p>Todas las habitaciones incluyen escritorio, TV de pantalla plana, ba\u00f1o privado, ropa de cama y toallas. Algunas habitaciones tienen cocina con microondas. Tambi\u00e9n incluyen armario.<\/p>\n<p>El Pisonay Hotel sirve un desayuno continental o americano.<\/p>\n<p>La zona es ideal para practicar ciclismo. Este hotel de 3 estrellas ofrece servicio de alquiler de bicicletas.<\/p>\n<p>Qenko se encuentra a 28 km del alojamiento, mientras que Sacsayhuaman est\u00e1 a 29 km. El aeropuerto internacional Alejandro Velasco Astete, el m\u00e1s cercano, queda a 28 km del Pisonay Hotel. Se proporciona servicio de enlace con el aeropuerto por un suplemento.<\/p>","protected":false},"excerpt":{"rendered":"<p>El Pisonay Hotel ofrece alojamiento de 3 estrellas en Pisac, a 32 km de la estaci\u00f3n de tren de Wanchaq y a 23 km de Pukapukara. Este hotel de 3 estrellas ofrece servicio de conserjer\u00eda, mostrador de informaci\u00f3n tur\u00edstica y WiFi gratuita. Algunos alojamientos tienen terraza con vistas a la ciudad. Todas las habitaciones incluyen &#8230;<\/p>\n","protected":false},"author":1,"featured_media":0,"parent":0,"menu_order":0,"comment_status":"closed","ping_status":"closed","template":"","meta":{"inline_featured_image":false,"footnotes":""},"class_list":["post-137","page","type-page","status-publish","hentry"],"_links":{"self":[{"href":"https:\/\/pisonayaparthotel.com\/es\/wp-json\/wp\/v2\/pages\/137","targetHints":{"allow":["GET"]}}],"collection":[{"href":"https:\/\/pisonayaparthotel.com\/es\/wp-json\/wp\/v2\/pages"}],"about":[{"href":"https:\/\/pisonayaparthotel.com\/es\/wp-json\/wp\/v2\/types\/page"}],"author":[{"embeddable":true,"href":"https:\/\/pisonayaparthotel.com\/es\/wp-json\/wp\/v2\/users\/1"}],"replies":[{"embeddable":true,"href":"https:\/\/pisonayaparthotel.com\/es\/wp-json\/wp\/v2\/comments?post=137"}],"version-history":[{"count":10,"href":"https:\/\/pisonayaparthotel.com\/es\/wp-json\/wp\/v2\/pages\/137\/revisions"}],"predecessor-version":[{"id":396,"href":"https:\/\/pisonayaparthotel.com\/es\/wp-json\/wp\/v2\/pages\/137\/revisions\/396"}],"wp:attachment":[{"href":"https:\/\/pisonayaparthotel.com\/es\/wp-json\/wp\/v2\/media?parent=137"}],"curies":[{"name":"wp","href":"https:\/\/api.w.org\/{rel}","templated":true}]}}